
{"id":231884,"date":"2020-05-20T14:23:00","date_gmt":"2020-05-20T14:23:00","guid":{"rendered":"https:\/\/webagencyfortune.com\/demo\/v3\/agency2\/?page_id=231884"},"modified":"2025-06-13T18:08:46","modified_gmt":"2025-06-13T18:08:46","slug":"kontakta-oss","status":"publish","type":"page","link":"https:\/\/digittalweb.com\/sv\/kontakta-oss\/","title":{"rendered":"Kontakta oss"},"content":{"rendered":"<p>[et_pb_section fb_built=&#8221;1&#8243; custom_padding_last_edited=&#8221;on|tablet&#8221; _builder_version=&#8221;4.27.4&#8243; background_color=&#8221;#0C71C3&#8243; background_image=&#8221;https:\/\/digittalweb.com\/wp-content\/uploads\/2021\/03\/bg-page.png&#8221; custom_margin=&#8221;||||false|false&#8221; custom_padding=&#8221;150px||150px||true|&#8221; custom_padding_tablet=&#8221;100px||100px||true|false&#8221; custom_padding_phone=&#8221;&#8221; animation_style=&#8221;fade&#8221; hover_enabled=&#8221;0&#8243; global_colors_info=&#8221;{%22gcid-2eeffb89-6fc2-4b98-a9bb-49e54ce50916%22:%91%93}&#8221; sticky_enabled=&#8221;0&#8243;][et_pb_row _builder_version=&#8221;4.16&#8243; width=&#8221;90%&#8221; global_colors_info=&#8221;{}&#8221;][et_pb_column type=&#8221;4_4&#8243; _builder_version=&#8221;4.16&#8243; global_colors_info=&#8221;{}&#8221;][et_pb_text _builder_version=&#8221;4.16&#8243; text_font=&#8221;Montserrat||||||||&#8221; text_text_color=&#8221;#ffffff&#8221; text_font_size=&#8221;18px&#8221; text_line_height=&#8221;1.6em&#8221; header_font=&#8221;Poppins|700||on|||||&#8221; header_text_align=&#8221;center&#8221; header_text_color=&#8221;#ffffff&#8221; header_font_size=&#8221;50px&#8221; text_orientation=&#8221;center&#8221; max_width=&#8221;960px&#8221; module_alignment=&#8221;center&#8221; global_colors_info=&#8221;{}&#8221;]<\/p>\n<h1>KONTAKTA OSS<\/h1>\n<p>Contact us via one of the channels on this website to talk with one of our marketing professionals and take your first step to online marketing success[\/et_pb_text][\/et_pb_column][\/et_pb_row][\/et_pb_section][et_pb_section fb_built=&#8221;1&#8243; _builder_version=&#8221;4.16&#8243; background_image=&#8221;https:\/\/digittalweb.com\/wp-content\/uploads\/2020\/05\/bg2.png&#8221; global_colors_info=&#8221;{}&#8221;][et_pb_row column_structure=&#8221;2_5,3_5&#8243; use_custom_gutter=&#8221;on&#8221; make_equal=&#8221;on&#8221; _builder_version=&#8221;4.16&#8243; width=&#8221;90%&#8221; custom_margin=&#8221;18px|auto||auto|false|false&#8221; custom_padding=&#8221;0px||||false|false&#8221; locked=&#8221;off&#8221; global_colors_info=&#8221;{}&#8221;][et_pb_column type=&#8221;2_5&#8243; _builder_version=&#8221;4.16&#8243; animation_style=&#8221;slide&#8221; animation_direction=&#8221;left&#8221; animation_intensity_slide=&#8221;10%&#8221; custom_css_main_element=&#8221;display: flex;||flex-direction: column;||justify-content: center;&#8221; global_colors_info=&#8221;{}&#8221;][et_pb_text _builder_version=&#8221;4.16&#8243; text_font=&#8221;Poppins|600||on|||||&#8221; text_text_color=&#8221;gcid-baa69053-e021-43fd-ad2d-7295ebfb3de6&#8243; text_font_size=&#8221;25px&#8221; text_line_height=&#8221;1.4em&#8221; header_2_font=&#8221;Poppins|700|||||||&#8221; header_2_text_color=&#8221;gcid-2eeffb89-6fc2-4b98-a9bb-49e54ce50916&#8243; header_2_font_size=&#8221;35px&#8221; header_2_line_height=&#8221;1.1em&#8221; custom_margin=&#8221;||0px||false|false&#8221; custom_padding=&#8221;||0px||false|false&#8221; text_orientation_tablet=&#8221;center&#8221; text_orientation_phone=&#8221;&#8221; text_orientation_last_edited=&#8221;on|tablet&#8221; global_colors_info=&#8221;{%22gcid-baa69053-e021-43fd-ad2d-7295ebfb3de6%22:%91%22text_text_color%22%93,%22gcid-2eeffb89-6fc2-4b98-a9bb-49e54ce50916%22:%91%22header_2_text_color%22%93}&#8221;]<\/p>\n<p>Har du ett projekt i \u00e5tanke?<\/p>\n<h2>L\u00e5t oss arbeta tillsammans!<\/h2>\n<p>[\/et_pb_text][et_pb_divider color=&#8221;gcid-2eeffb89-6fc2-4b98-a9bb-49e54ce50916&#8243; divider_weight=&#8221;3px&#8221; _builder_version=&#8221;4.16&#8243; width=&#8221;250px&#8221; module_alignment=&#8221;left&#8221; custom_margin=&#8221;0px||0px||false|false&#8221; module_alignment_tablet=&#8221;center&#8221; module_alignment_phone=&#8221;&#8221; module_alignment_last_edited=&#8221;on|tablet&#8221; locked=&#8221;off&#8221; global_colors_info=&#8221;{%22gcid-2eeffb89-6fc2-4b98-a9bb-49e54ce50916%22:%91%22color%22%93}&#8221;][\/et_pb_divider][et_pb_blurb title=&#8221;Contact Us&#8221; image=&#8221;https:\/\/digittalweb.com\/wp-content\/uploads\/2021\/01\/step1.png&#8221; icon_placement=&#8221;left&#8221; _builder_version=&#8221;4.27.4&#8243; header_font=&#8221;Poppins|700|||||||&#8221; header_text_color=&#8221;gcid-2eeffb89-6fc2-4b98-a9bb-49e54ce50916&#8243; header_font_size=&#8221;25px&#8221; header_line_height=&#8221;1.1em&#8221; body_font=&#8221;Montserrat||||||||&#8221; custom_margin=&#8221;25px||20px||false|false&#8221; animation=&#8221;off&#8221; hover_enabled=&#8221;0&#8243; custom_css_blurb_image=&#8221;width: 50px;&#8221; global_colors_info=&#8221;{%22gcid-2eeffb89-6fc2-4b98-a9bb-49e54ce50916%22:%91%22header_text_color%22%93}&#8221; sticky_enabled=&#8221;0&#8243;]<\/p>\n<p>Ring oss p\u00e5 +34 744 63 64 93 eller fyll i kontaktformul\u00e4ret p\u00e5 denna webbplats f\u00f6r en kostnadsfri konsultation<\/p>\n<p>[\/et_pb_blurb][et_pb_blurb title=&#8221;Discuss the Works&#8221; image=&#8221;https:\/\/digittalweb.com\/wp-content\/uploads\/2021\/01\/step2.png&#8221; icon_placement=&#8221;left&#8221; _builder_version=&#8221;4.16&#8243; header_font=&#8221;Poppins|700|||||||&#8221; header_text_color=&#8221;gcid-2eeffb89-6fc2-4b98-a9bb-49e54ce50916&#8243; header_font_size=&#8221;25px&#8221; header_line_height=&#8221;1.1em&#8221; body_font=&#8221;Montserrat||||||||&#8221; custom_margin=&#8221;5px||20px||false|false&#8221; animation=&#8221;off&#8221; custom_css_blurb_image=&#8221;width: 50px;&#8221; global_colors_info=&#8221;{%22gcid-2eeffb89-6fc2-4b98-a9bb-49e54ce50916%22:%91%22header_text_color%22%93}&#8221;]<\/p>\n<p>Diskutera arbetet med en av v\u00e5ra marknadsf\u00f6rare och f\u00e5 en kostnadsber\u00e4kning<\/p>\n<p>[\/et_pb_blurb][et_pb_blurb title=&#8221;Leave the Rest to Us!&#8221; image=&#8221;https:\/\/digittalweb.com\/wp-content\/uploads\/2021\/01\/step3.png&#8221; icon_placement=&#8221;left&#8221; _builder_version=&#8221;4.16&#8243; header_font=&#8221;Poppins|700|||||||&#8221; header_text_color=&#8221;gcid-2eeffb89-6fc2-4b98-a9bb-49e54ce50916&#8243; header_font_size=&#8221;25px&#8221; header_line_height=&#8221;1.1em&#8221; body_font=&#8221;Montserrat||||||||&#8221; custom_margin=&#8221;5px||||false|false&#8221; animation=&#8221;off&#8221; custom_css_blurb_image=&#8221;width: 50px;&#8221; global_colors_info=&#8221;{%22gcid-2eeffb89-6fc2-4b98-a9bb-49e54ce50916%22:%91%22header_text_color%22%93}&#8221;]Let us help you design a website that actually grows your business![\/et_pb_blurb][\/et_pb_column][et_pb_column type=&#8221;3_5&#8243; _builder_version=&#8221;4.16&#8243; background_image=&#8221;https:\/\/digittalweb.com\/wp-content\/uploads\/2020\/05\/img1.png&#8221; background_size=&#8221;contain&#8221; animation_style=&#8221;slide&#8221; animation_direction=&#8221;right&#8221; animation_intensity_slide=&#8221;10%&#8221; custom_css_main_element=&#8221;display: flex;||flex-direction: column;||justify-content: center;&#8221; global_colors_info=&#8221;{}&#8221;][et_pb_image src=&#8221;https:\/\/digittalweb.com\/wp-content\/uploads\/2020\/05\/img1.png&#8221; title_text=&#8221;img1&#8243; _builder_version=&#8221;4.16&#8243; global_colors_info=&#8221;{}&#8221;][\/et_pb_image][\/et_pb_column][\/et_pb_row][et_pb_row column_structure=&#8221;3_5,2_5&#8243; use_custom_gutter=&#8221;on&#8221; gutter_width=&#8221;2&#8243; make_equal=&#8221;on&#8221; _builder_version=&#8221;4.16&#8243; width=&#8221;90%&#8221; custom_padding=&#8221;3px||0px|||&#8221; global_colors_info=&#8221;{}&#8221;][et_pb_column type=&#8221;3_5&#8243; _builder_version=&#8221;4.16&#8243; custom_css_main_element=&#8221;display: flex;||flex-direction: column;||justify-content: center;&#8221; global_colors_info=&#8221;{}&#8221;][et_pb_map address=&#8221;Th\u00e0nh ph\u1ed1 New York, Ti\u1ec3u bang New York, Hoa K\u1ef3&#8221; address_lat=&#8221;40.7127753&#8243; address_lng=&#8221;-74.0059728&#8243; _builder_version=&#8221;4.16&#8243; height=&#8221;460px&#8221; height_tablet=&#8221;350px&#8221; height_phone=&#8221;300px&#8221; height_last_edited=&#8221;on|desktop&#8221; border_radii=&#8221;on|10px|10px|10px|10px&#8221; global_colors_info=&#8221;{}&#8221;][et_pb_map_pin pin_address=&#8221;New York&#8221; _builder_version=&#8221;3.27.3&#8243; global_colors_info=&#8221;{}&#8221;][\/et_pb_map_pin][\/et_pb_map][\/et_pb_column][et_pb_column type=&#8221;2_5&#8243; _builder_version=&#8221;4.16&#8243; custom_css_main_element=&#8221;display: flex;||flex-direction: column;||justify-content: center;&#8221; global_colors_info=&#8221;{}&#8221;][et_pb_text _builder_version=&#8221;4.16&#8243; text_font=&#8221;Poppins|600||on|||||&#8221; text_text_color=&#8221;gcid-baa69053-e021-43fd-ad2d-7295ebfb3de6&#8243; text_font_size=&#8221;25px&#8221; text_line_height=&#8221;1.4em&#8221; header_2_font=&#8221;Poppins|700|||||||&#8221; header_2_text_color=&#8221;gcid-2eeffb89-6fc2-4b98-a9bb-49e54ce50916&#8243; header_2_font_size=&#8221;35px&#8221; header_2_line_height=&#8221;1.1em&#8221; text_orientation=&#8221;center&#8221; custom_margin=&#8221;||0px||false|false&#8221; locked=&#8221;off&#8221; global_colors_info=&#8221;{%22gcid-baa69053-e021-43fd-ad2d-7295ebfb3de6%22:%91%22text_text_color%22%93,%22gcid-2eeffb89-6fc2-4b98-a9bb-49e54ce50916%22:%91%22header_2_text_color%22%93}&#8221;]<\/p>\n<p>V\u00c5RA VITTNESM\u00c5L<\/p>\n<h2>Vad n\u00f6jda kunder s\u00e4ger om oss<\/h2>\n<p>[\/et_pb_text][et_pb_slider show_pagination=&#8221;off&#8221; _builder_version=&#8221;4.16&#8243; background_color=&#8221;rgba(0,0,0,0)&#8221; max_width=&#8221;760px&#8221; module_alignment=&#8221;center&#8221; custom_margin=&#8221;0px|||||&#8221; custom_padding=&#8221;20px|2%|20px|2%|false|true&#8221; auto=&#8221;on&#8221; auto_speed=&#8221;5000&#8243; auto_ignore_hover=&#8221;on&#8221; locked=&#8221;off&#8221; global_colors_info=&#8221;{}&#8221;][et_pb_slide _builder_version=&#8221;4.16&#8243; body_font=&#8221;Montserrat|500|||||||&#8221; body_text_align=&#8221;center&#8221; body_font_size=&#8221;16.1px&#8221; background_color=&#8221;rgba(0,0,0,0)&#8221; background_enable_color=&#8221;on&#8221; text_orientation=&#8221;center&#8221; background_layout=&#8221;light&#8221; locked=&#8221;off&#8221; global_colors_info=&#8221;{}&#8221; sticky_transition=&#8221;on&#8221;]<\/p>\n<p><img loading=\"lazy\" decoding=\"async\" src=\"https:\/\/digittalweb.com\/wp-content\/uploads\/2020\/05\/5-stars.png\" width=\"170\" height=\"40\" alt=\"\" class=\"wp-image-290 alignnone size-full\" \/><\/p>\n<p><span>Vi best\u00e4llde en webbplats fr\u00e5n den h\u00e4r byr\u00e5n och de levererade p\u00e5 bara en vecka. Webbplatsen \u00e4r vacker, lyh\u00f6rd och funktionell. Vi \u00c4LSKAR den! De hj\u00e4lpte ocks\u00e5 till med SEO p\u00e5 sidan och PPC-hantering. Rekommenderas starkt!<\/span><\/p>\n<p><strong>- Katherine M.<\/strong><\/p>\n<p>[\/et_pb_slide][et_pb_slide _builder_version=&#8221;4.16&#8243; body_font=&#8221;Montserrat|500|||||||&#8221; body_text_align=&#8221;center&#8221; body_font_size=&#8221;16.1px&#8221; background_color=&#8221;rgba(0,0,0,0)&#8221; background_enable_color=&#8221;on&#8221; text_orientation=&#8221;center&#8221; background_layout=&#8221;light&#8221; locked=&#8221;off&#8221; global_colors_info=&#8221;{}&#8221; sticky_transition=&#8221;on&#8221;]<\/p>\n<p><img loading=\"lazy\" decoding=\"async\" src=\"https:\/\/digittalweb.com\/wp-content\/uploads\/2020\/05\/5-stars.png\" width=\"170\" height=\"40\" alt=\"\" class=\"wp-image-290 alignnone size-full\" \/><\/p>\n<p><span>Vi best\u00e4llde en webbplats fr\u00e5n den h\u00e4r byr\u00e5n och de levererade p\u00e5 bara en vecka. Webbplatsen \u00e4r vacker, lyh\u00f6rd och funktionell. Vi \u00c4LSKAR den! De hj\u00e4lpte ocks\u00e5 till med SEO p\u00e5 sidan och PPC-hantering. Rekommenderas starkt!<\/span><\/p>\n<p><strong>- Katherine M.<\/strong><\/p>\n<p>[\/et_pb_slide][et_pb_slide _builder_version=&#8221;4.16&#8243; body_font=&#8221;Montserrat|500|||||||&#8221; body_text_align=&#8221;center&#8221; body_font_size=&#8221;16.1px&#8221; background_color=&#8221;rgba(0,0,0,0)&#8221; background_enable_color=&#8221;on&#8221; text_orientation=&#8221;center&#8221; background_layout=&#8221;light&#8221; locked=&#8221;off&#8221; global_colors_info=&#8221;{}&#8221; sticky_transition=&#8221;on&#8221;]<\/p>\n<p><img loading=\"lazy\" decoding=\"async\" src=\"https:\/\/digittalweb.com\/wp-content\/uploads\/2020\/05\/5-stars.png\" width=\"170\" height=\"40\" alt=\"\" class=\"wp-image-290 alignnone size-full\" \/><\/p>\n<p><span>Vi best\u00e4llde en webbplats fr\u00e5n den h\u00e4r byr\u00e5n och de levererade p\u00e5 bara en vecka. Webbplatsen \u00e4r vacker, lyh\u00f6rd och funktionell. Vi \u00c4LSKAR den! De hj\u00e4lpte ocks\u00e5 till med SEO p\u00e5 sidan och PPC-hantering. Rekommenderas starkt!<\/span><\/p>\n<p><strong>- Katherine M.<\/strong><\/p>\n<p>[\/et_pb_slide][\/et_pb_slider][\/et_pb_column][\/et_pb_row][\/et_pb_section]<\/p>","protected":false},"excerpt":{"rendered":"<p>CONTACT US Contact us via one of the channels on this website to talk with one of our marketing professionals and take your first step to online marketing successGot a Project in Mind? Let&#8217;s Work Together!Call us at +34 744 63 64 93 or fill out the contact form at this website for a free [&hellip;]<\/p>","protected":false},"author":1,"featured_media":0,"parent":0,"menu_order":0,"comment_status":"closed","ping_status":"closed","template":"","meta":{"_et_pb_use_builder":"on","_et_pb_old_content":"","_et_gb_content_width":"","footnotes":""},"class_list":["post-231884","page","type-page","status-publish","hentry"],"_links":{"self":[{"href":"https:\/\/digittalweb.com\/sv\/wp-json\/wp\/v2\/pages\/231884","targetHints":{"allow":["GET"]}}],"collection":[{"href":"https:\/\/digittalweb.com\/sv\/wp-json\/wp\/v2\/pages"}],"about":[{"href":"https:\/\/digittalweb.com\/sv\/wp-json\/wp\/v2\/types\/page"}],"author":[{"embeddable":true,"href":"https:\/\/digittalweb.com\/sv\/wp-json\/wp\/v2\/users\/1"}],"replies":[{"embeddable":true,"href":"https:\/\/digittalweb.com\/sv\/wp-json\/wp\/v2\/comments?post=231884"}],"version-history":[{"count":1,"href":"https:\/\/digittalweb.com\/sv\/wp-json\/wp\/v2\/pages\/231884\/revisions"}],"predecessor-version":[{"id":233213,"href":"https:\/\/digittalweb.com\/sv\/wp-json\/wp\/v2\/pages\/231884\/revisions\/233213"}],"wp:attachment":[{"href":"https:\/\/digittalweb.com\/sv\/wp-json\/wp\/v2\/media?parent=231884"}],"curies":[{"name":"wp","href":"https:\/\/api.w.org\/{rel}","templated":true}]}}